{"id":1473,"date":"2017-06-15T12:20:11","date_gmt":"2017-06-15T12:20:11","guid":{"rendered":"http:\/\/informacristo.org\/site\/?page_id=1473"},"modified":"2025-06-27T13:38:52","modified_gmt":"2025-06-27T13:38:52","slug":"link","status":"publish","type":"page","link":"https:\/\/informacristo.org\/ic-new\/link\/","title":{"rendered":"Link"},"content":{"rendered":"<p>[et_pb_section fb_built=&#8221;1&#8243; _builder_version=&#8221;4.22.2&#8243; _module_preset=&#8221;default&#8221; custom_padding=&#8221;0px||0px|||&#8221; global_colors_info=&#8221;{}&#8221; locked=&#8221;off&#8221;][et_pb_row disabled_on=&#8221;off|off|off&#8221; _builder_version=&#8221;4.18.0&#8243; _module_preset=&#8221;default&#8221; width=&#8221;90%&#8221; max_width=&#8221;90%&#8221; custom_margin=&#8221;|auto|||false|false&#8221; custom_padding=&#8221;||0px|||&#8221; global_colors_info=&#8221;{}&#8221;][et_pb_column type=&#8221;4_4&#8243; _builder_version=&#8221;4.22.2&#8243; _module_preset=&#8221;default&#8221; global_colors_info=&#8221;{}&#8221;][et_pb_text _builder_version=&#8221;4.27.4&#8243; _module_preset=&#8221;default&#8221; text_font=&#8221;||||||||&#8221; text_text_color=&#8221;#000000&#8243; text_font_size=&#8221;24px&#8221; text_line_height=&#8221;1.5em&#8221; header_font=&#8221;||||||||&#8221; header_2_font=&#8221;|700|||||||&#8221; header_2_text_align=&#8221;right&#8221; header_2_text_color=&#8221;#E02B20&#8243; header_2_font_size=&#8221;55px&#8221; header_2_letter_spacing=&#8221;-1px&#8221; header_3_text_color=&#8221;#000000&#8243; header_3_font_size=&#8221;27px&#8221; text_orientation=&#8221;center&#8221; background_layout=&#8221;dark&#8221; width=&#8221;90%&#8221; module_alignment=&#8221;center&#8221; custom_margin=&#8221;17px||-3px|||&#8221; custom_padding=&#8221;||0px|||&#8221; animation_style=&#8221;slide&#8221; animation_direction=&#8221;left&#8221; animation_delay=&#8221;500ms&#8221; global_colors_info=&#8221;{}&#8221;]<\/p>\n<h2 style=\"text-align: center;\">Link utili<\/h2>\n<p>[\/et_pb_text][\/et_pb_column][\/et_pb_row][\/et_pb_section][et_pb_section fb_built=&#8221;1&#8243; admin_label=&#8221;section&#8221; _builder_version=&#8221;4.16&#8243; global_colors_info=&#8221;{}&#8221; custom_padding=&#8221;36px|||||&#8221;][et_pb_row admin_label=&#8221;row&#8221; _builder_version=&#8221;4.16&#8243; background_size=&#8221;initial&#8221; background_position=&#8221;top_left&#8221; background_repeat=&#8221;repeat&#8221; global_colors_info=&#8221;{}&#8221;][et_pb_column type=&#8221;4_4&#8243; _builder_version=&#8221;4.16&#8243; custom_padding=&#8221;|||&#8221; global_colors_info=&#8221;{}&#8221; custom_padding__hover=&#8221;|||&#8221;][et_pb_text admin_label=&#8221;Text&#8221; _builder_version=&#8221;4.27.4&#8243; background_size=&#8221;initial&#8221; background_position=&#8221;top_left&#8221; background_repeat=&#8221;repeat&#8221; hover_enabled=&#8221;0&#8243; global_colors_info=&#8221;{}&#8221; header_3_text_color=&#8221;#E02B20&#8243; sticky_enabled=&#8221;0&#8243; custom_css_free_form=&#8221;hr {color:#999; margin-bottom:30px}&#8221; text_font=&#8221;||||||||&#8221; text_text_color=&#8221;rgba(0,0,0,0.55)&#8221;]<\/p>\n<h3><a href=\"https:\/\/annodomini.org\/\">Anno Domini<\/a><\/h3>\n<p>Si propone lo sviluppo e la diffusione della conoscenza dell&#8217;arte e della musica, in particolar modo del genere musicale Gospel (Tradizionale e Contemporaneo), e della MCC (Musica Cristiana Contemporanea).<\/p>\n<hr \/>\n<h3><a href=\"http:\/\/www.arteefede.com\/\">Arte e Fede\u00a0<\/a><\/h3>\n<p>Offre elementi di ricerca e magari anche qualche risposta agli interrogativi di fede attraverso la testimonianza visiva del documento artistico e archeologico.<\/p>\n<hr \/>\n<h3><a href=\"https:\/\/grafieanima.wordpress.com\/\">Blog su Grafie dell&#8217;Anima<\/a><\/h3>\n<p>Blog sulla mostra: L\u2019ARTE CRISTIANA DELLE ORIGINI, \u201cGRAFIE DELL\u2019ANIMA&#8221;<\/p>\n<hr \/>\n<h3><a href=\"http:\/\/it.cathopedia.org\/wiki\/Cathopedia:Pagina_principale\">Cathopedia<\/a><\/h3>\n<p>Cathopedia \u00e8 un&#8217;enciclopedia cattolica che cresce dinamicamente sul Web grazie allo sforzo volontario di una comunit\u00e0 di autori e contributori. Nelle sue voci intende presentare l&#8217;insegnamento della Chiesa, la sua vita, la sua storia, le sue istituzioni, i suoi uomini, in particolare i santi.<\/p>\n<hr \/>\n<h3><a href=\"http:\/\/www.chicercatrovaonline.it\/it\/\">Chicercatrova<\/a><\/h3>\n<p>Solidariet\u00e0 e cultura a servizio della persona per creare un mondo in cui ognuno possa sentirsi accolto, sostenuto, amato e possa trovare una via d\u2019uscita verso un\u2019esistenza di pace, serenit\u00e0 e perch\u00e9 no? <strong>Felicit\u00e0<\/strong>.<\/p>\n<hr \/>\n<h3><a href=\"http:\/\/www.christianismus.it\/\">Christianismus\u00a0<\/a><\/h3>\n<p>il sito costituisce una introduzione ragionata allo studio del cristianesimo, con particolare attenzione per la storia e la letteratura delle origini cristiane, e con uno sguardo all&#8217;ambiente giudaico nel quale il cristianesimo si svilupp\u00f2. Esso ha lo scopo di presentare, in maniera chiara e documentata, le informazioni basilari su ciascuno degli argomenti trattati, fornendo altres\u00ec al lettore le indicazioni bibliografiche per approfondirne il contenuto.<\/p>\n<hr \/>\n<h3><a href=\"http:\/\/www.diocesisaluzzo.it\/\">GRIS<\/a><\/h3>\n<p>Gruppo di Ricerca Socio-Religiosa di Saluzzo. Un approccio documentato alle problematiche poste dai nuovi gruppi di religiosit\u00e0 alternativa<\/p>\n<hr \/>\n<h3><a href=\"http:\/\/www.missionicapoverde.it\/cappuccini\/\">Missione Capo Verde<\/a><\/h3>\n<p>Sito di animazione missionaria dei Frati Cappuccini del Piemonte.<\/p>\n<hr \/>\n<h3>Noi Cattolici<\/h3>\n<p>Noi Cattolici \u00e8 un portale che viene assemblato giorno per giorno da persone che credono cos\u00ec tanto in questa forma di comunicazione che quotidianamente vedono realizzarsi, sotto i propri occhi, il miracolo di una discussione tra parti apparentemente contrapposte, con idee, stili di vita ed esperienze differenti nel pieno rispetto reciproco.<\/p>\n<hr \/>\n<h3><a href=\"http:\/\/www.orarel.com\/\">Orarel<\/a><\/h3>\n<p>Il sito dell&#8217;ora di religione<\/p>\n<p>&nbsp;[\/et_pb_text][\/et_pb_column][\/et_pb_row][\/et_pb_section]<\/p>\n","protected":false},"excerpt":{"rendered":"<p>Link utiliAnno Domini Si propone lo sviluppo e la diffusione della conoscenza dell&#8217;arte e della musica, in particolar modo del genere musicale Gospel (Tradizionale e Contemporaneo), e della MCC (Musica Cristiana Contemporanea). Arte e Fede\u00a0 Offre elementi di ricerca e magari anche qualche risposta agli interrogativi di fede attraverso la testimonianza visiva del documento artistico [&hellip;]<\/p>\n","protected":false},"author":1,"featured_media":0,"parent":0,"menu_order":0,"comment_status":"closed","ping_status":"closed","template":"","meta":{"_et_pb_use_builder":"on","_et_pb_old_content":"<h2><a href=\"https:\/\/annodomini.org\/\">Anno Domini<\/a><\/h2>\r\nSi propone lo sviluppo e la diffusione della conoscenza dell'arte e della musica, in particolar modo del genere musicale Gospel (Tradizionale e Contemporaneo), e della MCC (Musica Cristiana Contemporanea).\r\n\r\n<hr>\r\n\r\n<h2><a href=\"http:\/\/www.arteefede.com\/\">Arte e Fede&nbsp;<\/a><\/h2>\r\nOffre elementi di ricerca e magari anche qualche risposta agli interrogativi di fede attraverso la testimonianza visiva del documento artistico e archeologico.\r\n\r\n<hr>\r\n\r\n<h2><a href=\"https:\/\/grafieanima.wordpress.com\/\">Blog su Grafie dell'Anima<\/a><\/h2>\r\nBlog sulla mostra: L\u2019ARTE CRISTIANA DELLE ORIGINI, \u201cGRAFIE DELL\u2019ANIMA\"\r\n\r\n<hr>\r\n\r\n<h2><a href=\"http:\/\/it.cathopedia.org\/wiki\/Cathopedia:Pagina_principale\">Cathopedia<\/a><\/h2>\r\nCathopedia \u00e8 un'enciclopedia cattolica che cresce dinamicamente sul Web grazie allo sforzo volontario di una comunit\u00e0 di autori e contributori. Nelle sue voci intende presentare l'insegnamento della Chiesa, la sua vita, la sua storia, le sue istituzioni, i suoi uomini, in particolare i santi.\r\n\r\n<hr>\r\n\r\n<h2><a href=\"http:\/\/www.chicercatrovaonline.it\/it\/\">Chicercatrova<\/a><\/h2>\r\nSolidariet\u00e0 e cultura a servizio della persona per creare un mondo in cui ognuno possa sentirsi accolto, sostenuto, amato e possa trovare una via d\u2019uscita verso un\u2019esistenza di pace, serenit\u00e0 e perch\u00e9 no? <strong>Felicit\u00e0<\/strong>.\r\n\r\n<hr>\r\n\r\n<h2><a href=\"http:\/\/www.christianismus.it\/\">Christianismus&nbsp;<\/a><\/h2>\r\nil sito costituisce una introduzione ragionata allo studio del cristianesimo, con particolare attenzione per la storia e la letteratura delle origini cristiane, e con uno sguardo all'ambiente giudaico nel quale il cristianesimo si svilupp\u00f2. Esso ha lo scopo di presentare, in maniera chiara e documentata, le informazioni basilari su ciascuno degli argomenti trattati, fornendo altres\u00ec al lettore le indicazioni bibliografiche per approfondirne il contenuto.\r\n\r\n<hr>\r\n\r\n<h2><a href=\"http:\/\/www.diocesisaluzzo.it\/\">GRIS<\/a><\/h2>\r\nGruppo di Ricerca Socio-Religiosa di Saluzzo. Un approccio documentato alle problematiche poste dai nuovi gruppi di religiosit\u00e0 alternativa\r\n\r\n<hr>\r\n\r\n<h2><a href=\"http:\/\/www.missionicapoverde.it\/cappuccini\/\">Missione Capo Verde<\/a><\/h2>\r\nSito di animazione missionaria dei Frati Cappuccini del Piemonte.\r\n\r\n<hr>\r\n\r\n<h2>Noi Cattolici<\/h2>\r\nNoi Cattolici \u00e8 un portale che viene assemblato giorno per giorno da persone che credono cos\u00ec tanto in questa forma di comunicazione che quotidianamente vedono realizzarsi, sotto i propri occhi, il miracolo di una discussione tra parti apparentemente contrapposte, con idee, stili di vita ed esperienze differenti nel pieno rispetto reciproco.\r\n\r\n<hr>\r\n\r\n<h2><a href=\"http:\/\/www.orarel.com\/\">Orarel<\/a><\/h2>\r\nIl sito dell'ora di religione\r\n\r\n&nbsp;","_et_gb_content_width":"","ngg_post_thumbnail":0,"footnotes":""},"class_list":["post-1473","page","type-page","status-publish","hentry"],"_links":{"self":[{"href":"https:\/\/informacristo.org\/ic-new\/wp-json\/wp\/v2\/pages\/1473","targetHints":{"allow":["GET"]}}],"collection":[{"href":"https:\/\/informacristo.org\/ic-new\/wp-json\/wp\/v2\/pages"}],"about":[{"href":"https:\/\/informacristo.org\/ic-new\/wp-json\/wp\/v2\/types\/page"}],"author":[{"embeddable":true,"href":"https:\/\/informacristo.org\/ic-new\/wp-json\/wp\/v2\/users\/1"}],"replies":[{"embeddable":true,"href":"https:\/\/informacristo.org\/ic-new\/wp-json\/wp\/v2\/comments?post=1473"}],"version-history":[{"count":4,"href":"https:\/\/informacristo.org\/ic-new\/wp-json\/wp\/v2\/pages\/1473\/revisions"}],"predecessor-version":[{"id":4058,"href":"https:\/\/informacristo.org\/ic-new\/wp-json\/wp\/v2\/pages\/1473\/revisions\/4058"}],"wp:attachment":[{"href":"https:\/\/informacristo.org\/ic-new\/wp-json\/wp\/v2\/media?parent=1473"}],"curies":[{"name":"wp","href":"https:\/\/api.w.org\/{rel}","templated":true}]}}